{"id":6831,"date":"2021-02-07T01:43:08","date_gmt":"2021-02-07T01:43:08","guid":{"rendered":"https:\/\/ultrasafemedical.com\/?post_type=product&#038;p=6831"},"modified":"2021-02-11T00:02:07","modified_gmt":"2021-02-11T00:02:07","slug":"prueba-de-deteccion-de-anticuerpos","status":"publish","type":"product","link":"https:\/\/ultrasafemedical.com\/en\/product\/prueba-de-deteccion-de-anticuerpos\/","title":{"rendered":"Antibody Test"},"content":{"rendered":"<p>Consiste en detectar los anticuerpos que indicar\u00edan que el paciente estuvo contagiado en alg\u00fan momento. Se procesa a partir de tomar un muestra de sangre, permite descubrir como est\u00e1 reaccionando tu cuerpo frente al coronavirus.<\/p>","protected":false},"excerpt":{"rendered":"<p>Consiste en detectar los anticuerpos que indicar\u00edan que el paciente estuvo contagiado en alg\u00fan momento. Se procesa a partir de tomar un muestra de sangre, permite descubrir como est\u00e1 reaccionando tu cuerpo frente al coronavirus.<\/p>","protected":false},"featured_media":6828,"comment_status":"open","ping_status":"closed","template":"","meta":[],"_links":{"self":[{"href":"https:\/\/ultrasafemedical.com\/en\/wp-json\/wp\/v2\/product\/6831"}],"collection":[{"href":"https:\/\/ultrasafemedical.com\/en\/wp-json\/wp\/v2\/product"}],"about":[{"href":"https:\/\/ultrasafemedical.com\/en\/wp-json\/wp\/v2\/types\/product"}],"replies":[{"embeddable":true,"href":"https:\/\/ultrasafemedical.com\/en\/wp-json\/wp\/v2\/comments?post=6831"}],"version-history":[{"count":1,"href":"https:\/\/ultrasafemedical.com\/en\/wp-json\/wp\/v2\/product\/6831\/revisions"}],"predecessor-version":[{"id":6832,"href":"https:\/\/ultrasafemedical.com\/en\/wp-json\/wp\/v2\/product\/6831\/revisions\/6832"}],"wp:featuredmedia":[{"embeddable":true,"href":"https:\/\/ultrasafemedical.com\/en\/wp-json\/wp\/v2\/media\/6828"}],"wp:attachment":[{"href":"https:\/\/ultrasafemedical.com\/en\/wp-json\/wp\/v2\/media?parent=6831"}],"curies":[{"name":"wp","href":"https:\/\/api.w.org\/{rel}","templated":true}]}}