{"id":292,"date":"2020-04-17T08:00:58","date_gmt":"2020-04-17T08:00:58","guid":{"rendered":"https:\/\/ultrasafemedical.com\/producto\/surgical-latex-gloves\/"},"modified":"2020-07-21T22:52:03","modified_gmt":"2020-07-21T22:52:03","slug":"guantes-nitrilo-azul","status":"publish","type":"product","link":"https:\/\/ultrasafemedical.com\/en\/product\/guantes-nitrilo-azul\/","title":{"rendered":"Guantes de nitrilo azul 100pz"},"content":{"rendered":"<p>Los guantes de nitrilo de grado m\u00e9dico son ideales para uso m\u00e9dico y alimentario con el fin de mantener una barrera segura. Los productos de este material poseen una fuerza extraordinaria por lo que resisten la perforaci\u00f3n al tiempo que mantienen la sensibilidad t\u00e1ctil. Al ser 100% seguros, libres de al\u00e9rgenos, son la soluci\u00f3n para personas sensibles al l\u00e1tex de goma y \/ o al polvo que se utiliza para su correcta colocaci\u00f3n.<\/p>","protected":false},"excerpt":{"rendered":"<p>Extremadamente duradero y resistente a los pinchazos, altamente el\u00e1stico y m\u00e1s c\u00f3modo que el l\u00e1tex y el vinilo.<\/p>","protected":false},"featured_media":1818,"comment_status":"open","ping_status":"closed","template":"","meta":[],"_links":{"self":[{"href":"https:\/\/ultrasafemedical.com\/en\/wp-json\/wp\/v2\/product\/292"}],"collection":[{"href":"https:\/\/ultrasafemedical.com\/en\/wp-json\/wp\/v2\/product"}],"about":[{"href":"https:\/\/ultrasafemedical.com\/en\/wp-json\/wp\/v2\/types\/product"}],"replies":[{"embeddable":true,"href":"https:\/\/ultrasafemedical.com\/en\/wp-json\/wp\/v2\/comments?post=292"}],"version-history":[{"count":0,"href":"https:\/\/ultrasafemedical.com\/en\/wp-json\/wp\/v2\/product\/292\/revisions"}],"wp:featuredmedia":[{"embeddable":true,"href":"https:\/\/ultrasafemedical.com\/en\/wp-json\/wp\/v2\/media\/1818"}],"wp:attachment":[{"href":"https:\/\/ultrasafemedical.com\/en\/wp-json\/wp\/v2\/media?parent=292"}],"curies":[{"name":"wp","href":"https:\/\/api.w.org\/{rel}","templated":true}]}}