{"id":2876,"date":"2020-08-20T22:15:41","date_gmt":"2020-08-20T22:15:41","guid":{"rendered":"https:\/\/ultrasafemedical.com\/?post_type=product&#038;p=2876"},"modified":"2021-02-08T19:04:27","modified_gmt":"2021-02-08T19:04:27","slug":"desinfectante-bactericida-multiusos","status":"publish","type":"product","link":"https:\/\/ultrasafemedical.com\/en\/product\/desinfectante-bactericida-multiusos\/","title":{"rendered":"Desinfectante bactericida multiusos"},"content":{"rendered":"<p>L\u00edquido desinfectante multiusos, elimina olores y desinfecta.<\/p>\n<p>Ingredientes:<br \/>\nAgua tratada, tensoactivo afot\u00e9rico, sal cuaternaria,tensoactivo no i\u00f3nico, fragancia, conservador y colorantes.<\/p>","protected":false},"excerpt":{"rendered":"<p>L\u00edquido desinfectante multiusos, elimina olores y desinfecta. Ingredientes: Agua tratada, tensoactivo afot\u00e9rico, sal cuaternaria,tensoactivo no i\u00f3nico, fragancia, conservador y colorantes.<\/p>","protected":false},"featured_media":3465,"comment_status":"open","ping_status":"closed","template":"","meta":[],"_links":{"self":[{"href":"https:\/\/ultrasafemedical.com\/en\/wp-json\/wp\/v2\/product\/2876"}],"collection":[{"href":"https:\/\/ultrasafemedical.com\/en\/wp-json\/wp\/v2\/product"}],"about":[{"href":"https:\/\/ultrasafemedical.com\/en\/wp-json\/wp\/v2\/types\/product"}],"replies":[{"embeddable":true,"href":"https:\/\/ultrasafemedical.com\/en\/wp-json\/wp\/v2\/comments?post=2876"}],"version-history":[{"count":1,"href":"https:\/\/ultrasafemedical.com\/en\/wp-json\/wp\/v2\/product\/2876\/revisions"}],"predecessor-version":[{"id":6866,"href":"https:\/\/ultrasafemedical.com\/en\/wp-json\/wp\/v2\/product\/2876\/revisions\/6866"}],"wp:featuredmedia":[{"embeddable":true,"href":"https:\/\/ultrasafemedical.com\/en\/wp-json\/wp\/v2\/media\/3465"}],"wp:attachment":[{"href":"https:\/\/ultrasafemedical.com\/en\/wp-json\/wp\/v2\/media?parent=2876"}],"curies":[{"name":"wp","href":"https:\/\/api.w.org\/{rel}","templated":true}]}}