{"id":2489,"date":"2020-07-28T06:18:51","date_gmt":"2020-07-28T06:18:51","guid":{"rendered":"https:\/\/ultrasafemedical.com\/?post_type=product&#038;p=2489"},"modified":"2021-01-15T21:07:01","modified_gmt":"2021-01-15T21:07:01","slug":"nettifog-2500-termo-nebulizador","status":"publish","type":"product","link":"https:\/\/ultrasafemedical.com\/en\/product\/nettifog-2500-termo-nebulizador\/","title":{"rendered":"Nettifog 2500 Termo Nebulizador"},"content":{"rendered":"<p>El modelo 2500 es un cl\u00e1sico en lo que se refiere a seguridad con ca\u00f1ones de niebla y es nuestro art\u00edculo m\u00e1s vendido. Su cobertura alcanza para la mayor\u00eda de oficinas y almacenes, tambi\u00e9n se usa en peque\u00f1as bodegas, gymnasios y casashabitaci\u00f3n, etc.<\/p>\n<p>\u2022 Descarga 2500 m3 de niebla en 60<br \/>\nsegundos en el modo de m\u00e1xima<br \/>\nvelocidad.<br \/>\n\u2022 Funci\u00f3n turbo que permite descargar<br \/>\n2500 m3 de niebla en solo 30 segundos.<br \/>\n\u2022 Ajuste flexible entre 290 y 2500 m3<br \/>\npara ajustarse al \u00e1rea a proteger.<br \/>\n\u2022 100 % silencioso en modo de reposo<br \/>\n(standby mode).<br \/>\n\u2022 Funci\u00f3n de pulso por hasta 9 min.<br \/>\n(Manteniendo efectiva la niebla).<br \/>\n\u2022 Compatible con cualquier sistema de<br \/>\nalarma, incluyendo ZOLO GSM.<br \/>\n\u2022 Compatible con IPCard, MultiCard e<br \/>\nIntelliBox.<br \/>\n\u2022 Registro de datos posible con IntelliSuite<br \/>\n(log file hasta 300 datos).<br \/>\n\u2022 Preparado para 4 diferentes boquillas de<br \/>\nsalida angular y extensi\u00f3n de boquilla.<br \/>\n\u2022 Posibilidad de instalaci\u00f3n inal\u00e1mbrica<br \/>\n\u2022 Posibilidad de manejo y revisi\u00f3n remota<br \/>\na trav\u00e9s de internet.<\/p>","protected":false},"excerpt":{"rendered":"<p>El ca\u00f1\u00f3n 2500 es un equipo profesional de gran cobertura<\/p>","protected":false},"featured_media":6158,"comment_status":"open","ping_status":"closed","template":"","meta":[],"_links":{"self":[{"href":"https:\/\/ultrasafemedical.com\/en\/wp-json\/wp\/v2\/product\/2489"}],"collection":[{"href":"https:\/\/ultrasafemedical.com\/en\/wp-json\/wp\/v2\/product"}],"about":[{"href":"https:\/\/ultrasafemedical.com\/en\/wp-json\/wp\/v2\/types\/product"}],"replies":[{"embeddable":true,"href":"https:\/\/ultrasafemedical.com\/en\/wp-json\/wp\/v2\/comments?post=2489"}],"version-history":[{"count":1,"href":"https:\/\/ultrasafemedical.com\/en\/wp-json\/wp\/v2\/product\/2489\/revisions"}],"predecessor-version":[{"id":6168,"href":"https:\/\/ultrasafemedical.com\/en\/wp-json\/wp\/v2\/product\/2489\/revisions\/6168"}],"wp:featuredmedia":[{"embeddable":true,"href":"https:\/\/ultrasafemedical.com\/en\/wp-json\/wp\/v2\/media\/6158"}],"wp:attachment":[{"href":"https:\/\/ultrasafemedical.com\/en\/wp-json\/wp\/v2\/media?parent=2489"}],"curies":[{"name":"wp","href":"https:\/\/api.w.org\/{rel}","templated":true}]}}