{"id":2424,"date":"2020-07-23T22:40:48","date_gmt":"2020-07-23T22:40:48","guid":{"rendered":"https:\/\/ultrasafemedical.com\/?post_type=product&#038;p=2424"},"modified":"2020-10-05T22:20:00","modified_gmt":"2020-10-05T22:20:00","slug":"spray-nebulizador-portatil","status":"publish","type":"product","link":"https:\/\/ultrasafemedical.com\/en\/product\/spray-nebulizador-portatil\/","title":{"rendered":"Nano nebulizador port\u00e1til"},"content":{"rendered":"<p>El nano nebulizador JM-2028, es la perfecta adici\u00f3n a tus art\u00edculos personales; su pr\u00e1ctico tama\u00f1o te permite traerlo contigo a todos lados y con el podr\u00e1s desinfectar todas aquellas superficies o cosas con las que est\u00e1s en constante contacto como: celular, llaves, monedas, billetes, tus tarjetas de cr\u00e9dito, manijas de puertas, carritos del mercado, botones de elevadores, etc..<\/p>\n<p>Se recarga v\u00eda USB (Cable incluido)<\/p>\n<p>Advertencia: No debe de recargar el nano nebulizador cuando tiene l\u00edquido.<\/p>","protected":false},"excerpt":{"rendered":"<p>El nano nebulizador JM-2028, es la perfecta adici\u00f3n a tus art\u00edculos personales; su pr\u00e1ctico tama\u00f1o te permite traerlo contigo a todos lados y con el podr\u00e1s desinfectar todas aquellas superficies o cosas con las que est\u00e1s en constante contacto como: celular, llaves, monedas, billetes, tus tarjetas de cr\u00e9dito, manijas de puertas, carritos del mercado, botones de elevadores, etc.. Se recarga v\u00eda USB (Cable incluido) Advertencia: No debe de recargar el nano nebulizador cuando tiene l\u00edquido.<\/p>","protected":false},"featured_media":2434,"comment_status":"open","ping_status":"closed","template":"","meta":[],"_links":{"self":[{"href":"https:\/\/ultrasafemedical.com\/en\/wp-json\/wp\/v2\/product\/2424"}],"collection":[{"href":"https:\/\/ultrasafemedical.com\/en\/wp-json\/wp\/v2\/product"}],"about":[{"href":"https:\/\/ultrasafemedical.com\/en\/wp-json\/wp\/v2\/types\/product"}],"replies":[{"embeddable":true,"href":"https:\/\/ultrasafemedical.com\/en\/wp-json\/wp\/v2\/comments?post=2424"}],"version-history":[{"count":0,"href":"https:\/\/ultrasafemedical.com\/en\/wp-json\/wp\/v2\/product\/2424\/revisions"}],"wp:featuredmedia":[{"embeddable":true,"href":"https:\/\/ultrasafemedical.com\/en\/wp-json\/wp\/v2\/media\/2434"}],"wp:attachment":[{"href":"https:\/\/ultrasafemedical.com\/en\/wp-json\/wp\/v2\/media?parent=2424"}],"curies":[{"name":"wp","href":"https:\/\/api.w.org\/{rel}","templated":true}]}}