{"id":225,"date":"2020-04-16T08:38:38","date_gmt":"2020-04-16T08:38:38","guid":{"rendered":"https:\/\/ultrasafemedical.com\/producto\/search-lab-n95-face-mask\/"},"modified":"2020-10-01T21:15:30","modified_gmt":"2020-10-01T21:15:30","slug":"blue5-n95-face-mask","status":"publish","type":"product","link":"https:\/\/ultrasafemedical.com\/en\/product\/blue5-n95-face-mask\/","title":{"rendered":"KN-95 Blue 5"},"content":{"rendered":"<p>Este respirador desechable KN-95, proporciona una protecci\u00f3n respiratoria c\u00f3moda y confiable contra ciertas part\u00edculas. Es ideal para la prevenci\u00f3n de contagios contra el SARS CoV-2. Al ser compatible con una amplia variedad de gafas protectoras y equipos de protecci\u00f3n auditiva, su dise\u00f1o, que adem\u00e1s posee un clip nasal ajustable para un sello personalizado y seguro, es c\u00f3modo y suave al contacto con la piel, adem\u00e1s su empaque resellable es de utilidad para almacenarlo mientras no se utiliza con el fin de evitar su contacto con otras superficies para evitar su contaminaci\u00f3n.<\/p>","protected":false},"excerpt":{"rendered":"<ul>\n<li>Protecci\u00f3n respiratoria<\/li>\n<li>C\u00f3moda y confiable contra ciertas part\u00edculas.<\/li>\n<li>Ideal para entornos de trabajo calientes, polvorientos o para largos per\u00edodos de uso.<\/li>\n<\/ul>","protected":false},"featured_media":1819,"comment_status":"open","ping_status":"closed","template":"","meta":[],"_links":{"self":[{"href":"https:\/\/ultrasafemedical.com\/en\/wp-json\/wp\/v2\/product\/225"}],"collection":[{"href":"https:\/\/ultrasafemedical.com\/en\/wp-json\/wp\/v2\/product"}],"about":[{"href":"https:\/\/ultrasafemedical.com\/en\/wp-json\/wp\/v2\/types\/product"}],"replies":[{"embeddable":true,"href":"https:\/\/ultrasafemedical.com\/en\/wp-json\/wp\/v2\/comments?post=225"}],"version-history":[{"count":0,"href":"https:\/\/ultrasafemedical.com\/en\/wp-json\/wp\/v2\/product\/225\/revisions"}],"wp:featuredmedia":[{"embeddable":true,"href":"https:\/\/ultrasafemedical.com\/en\/wp-json\/wp\/v2\/media\/1819"}],"wp:attachment":[{"href":"https:\/\/ultrasafemedical.com\/en\/wp-json\/wp\/v2\/media?parent=225"}],"curies":[{"name":"wp","href":"https:\/\/api.w.org\/{rel}","templated":true}]}}