{"id":221,"date":"2020-04-16T08:15:15","date_gmt":"2020-04-16T08:15:15","guid":{"rendered":"https:\/\/ultrasafemedical.com\/producto\/n95-face-mask\/"},"modified":"2020-10-15T18:57:54","modified_gmt":"2020-10-15T18:57:54","slug":"kn95-face-mask","status":"publish","type":"product","link":"https:\/\/ultrasafemedical.com\/en\/product\/kn95-face-mask\/","title":{"rendered":"KN95 mascarilla facial 50Pz."},"content":{"rendered":"<p>La mascarilla facial KN 95, ofrece protecci\u00f3n de la transferencia de microorganismos, fluidos corporales y material particulado al filtrar hasta el 95% de las part\u00edculas a\u00e9reas. Hecho de material textil grado m\u00e9dico de alta calidad, suave y c\u00f3modo, es un producto agradable al contacto con la piel. Es ideal para su uso diario en interiores y al aire libre. Su presentaci\u00f3n de 50 piezas es la mejor opci\u00f3n para estar protegidos a diario tanto en el hogar como en el trabajo.<\/p>","protected":false},"excerpt":{"rendered":"<ul>\n<li>Cubrebocas KN95 5 capas<\/li>\n<li>M\u00e1xima protecci\u00f3n 98.5%<\/li>\n<li>Caja con 50pz<\/li>\n<li>Certificaciones NYCE y FDA<\/li>\n<\/ul>","protected":false},"featured_media":1944,"comment_status":"open","ping_status":"closed","template":"","meta":[],"_links":{"self":[{"href":"https:\/\/ultrasafemedical.com\/en\/wp-json\/wp\/v2\/product\/221"}],"collection":[{"href":"https:\/\/ultrasafemedical.com\/en\/wp-json\/wp\/v2\/product"}],"about":[{"href":"https:\/\/ultrasafemedical.com\/en\/wp-json\/wp\/v2\/types\/product"}],"replies":[{"embeddable":true,"href":"https:\/\/ultrasafemedical.com\/en\/wp-json\/wp\/v2\/comments?post=221"}],"version-history":[{"count":0,"href":"https:\/\/ultrasafemedical.com\/en\/wp-json\/wp\/v2\/product\/221\/revisions"}],"wp:featuredmedia":[{"embeddable":true,"href":"https:\/\/ultrasafemedical.com\/en\/wp-json\/wp\/v2\/media\/1944"}],"wp:attachment":[{"href":"https:\/\/ultrasafemedical.com\/en\/wp-json\/wp\/v2\/media?parent=221"}],"curies":[{"name":"wp","href":"https:\/\/api.w.org\/{rel}","templated":true}]}}