{"id":2136,"date":"2020-07-18T19:57:02","date_gmt":"2020-07-18T19:57:02","guid":{"rendered":"https:\/\/ultrasafemedical.com\/?post_type=product&#038;p=2136"},"modified":"2020-07-29T05:37:25","modified_gmt":"2020-07-29T05:37:25","slug":"ultra-combo-mascarilla-kn-95-lentes-antiempananates","status":"publish","type":"product","link":"https:\/\/ultrasafemedical.com\/en\/product\/ultra-combo-mascarilla-kn-95-lentes-antiempananates\/","title":{"rendered":"Ultra Safe Combo"},"content":{"rendered":"<p>La mascarillas KN-95 KN 95 ofrece protecci\u00f3n de la transferencia de microorganismos, fluidos corporales y material particulado. Con su estilo con gancho para la oreja y hecho de material no tejido suave, es un producto agradable al contacto con la piel. Las gafas de protecci\u00f3n tienen la funci\u00f3n de reducir eficazmente el riesgo de exposici\u00f3n de los ojos, d\u00e1ndoles un ambiente c\u00f3modo capaces de bloquear gotas de saliva, salpicaduras, polvo y aislamiento de virus. Su marco est\u00e1 hecho de material ligero y una construcci\u00f3n envolvente con un ajuste y sellado perfectos. Juntos son el mejor combo protector para mantenerte libre de virus y bacterias.<\/p>","protected":false},"excerpt":{"rendered":"<ul>\n<li>Juntos son el mejor combo protector para mantenerte libre de virus y bacterias.<\/li>\n<li>La mascarilla KN-95 es un producto agradable al contacto con la piel.<\/li>\n<li>Los lentes antiempa\u00f1antes reducen el riesgo de exposici\u00f3n de los ojos.<\/li>\n<\/ul>","protected":false},"featured_media":2137,"comment_status":"open","ping_status":"closed","template":"","meta":[],"_links":{"self":[{"href":"https:\/\/ultrasafemedical.com\/en\/wp-json\/wp\/v2\/product\/2136"}],"collection":[{"href":"https:\/\/ultrasafemedical.com\/en\/wp-json\/wp\/v2\/product"}],"about":[{"href":"https:\/\/ultrasafemedical.com\/en\/wp-json\/wp\/v2\/types\/product"}],"replies":[{"embeddable":true,"href":"https:\/\/ultrasafemedical.com\/en\/wp-json\/wp\/v2\/comments?post=2136"}],"version-history":[{"count":0,"href":"https:\/\/ultrasafemedical.com\/en\/wp-json\/wp\/v2\/product\/2136\/revisions"}],"wp:featuredmedia":[{"embeddable":true,"href":"https:\/\/ultrasafemedical.com\/en\/wp-json\/wp\/v2\/media\/2137"}],"wp:attachment":[{"href":"https:\/\/ultrasafemedical.com\/en\/wp-json\/wp\/v2\/media?parent=2136"}],"curies":[{"name":"wp","href":"https:\/\/api.w.org\/{rel}","templated":true}]}}