{"id":2078,"date":"2020-07-16T21:42:01","date_gmt":"2020-07-16T21:42:01","guid":{"rendered":"https:\/\/ultrasafemedical.com\/?post_type=product&#038;p=2078"},"modified":"2021-01-15T18:05:55","modified_gmt":"2021-01-15T18:05:55","slug":"careta-protectora-de-plastico","status":"publish","type":"product","link":"https:\/\/ultrasafemedical.com\/en\/product\/careta-protectora-de-plastico\/","title":{"rendered":"Careta protectora de polipropileno"},"content":{"rendered":"<p>Careta facial protectora. Protege ante la contaminaci\u00f3n por l\u00edquidos corporales y fluidos capaces de generar alg\u00fan tipo de contagio. Permite el uso de tapabocas de tela o desechables. Se puede desinfectar lavandola con cuidado, evitando tallarla con materiales \u00e1speros.<\/p>\n<p>&nbsp;<\/p>\n<p>&nbsp;<\/p>","protected":false},"excerpt":{"rendered":"<ul>\n<li>Protege ante la contaminaci\u00f3n por l\u00edquidos corporales y fluidos.<\/li>\n<li>Permite el uso de tapabocas de tela o desechables.<\/li>\n<li>Se puede desinfectar lavandola con cuidado, evitando tallarla con materiales \u00e1speros.<\/li>\n<\/ul>","protected":false},"featured_media":2079,"comment_status":"open","ping_status":"closed","template":"","meta":[],"_links":{"self":[{"href":"https:\/\/ultrasafemedical.com\/en\/wp-json\/wp\/v2\/product\/2078"}],"collection":[{"href":"https:\/\/ultrasafemedical.com\/en\/wp-json\/wp\/v2\/product"}],"about":[{"href":"https:\/\/ultrasafemedical.com\/en\/wp-json\/wp\/v2\/types\/product"}],"replies":[{"embeddable":true,"href":"https:\/\/ultrasafemedical.com\/en\/wp-json\/wp\/v2\/comments?post=2078"}],"version-history":[{"count":1,"href":"https:\/\/ultrasafemedical.com\/en\/wp-json\/wp\/v2\/product\/2078\/revisions"}],"predecessor-version":[{"id":6136,"href":"https:\/\/ultrasafemedical.com\/en\/wp-json\/wp\/v2\/product\/2078\/revisions\/6136"}],"wp:featuredmedia":[{"embeddable":true,"href":"https:\/\/ultrasafemedical.com\/en\/wp-json\/wp\/v2\/media\/2079"}],"wp:attachment":[{"href":"https:\/\/ultrasafemedical.com\/en\/wp-json\/wp\/v2\/media?parent=2078"}],"curies":[{"name":"wp","href":"https:\/\/api.w.org\/{rel}","templated":true}]}}