{"id":2067,"date":"2020-07-16T21:33:28","date_gmt":"2020-07-16T21:33:28","guid":{"rendered":"https:\/\/ultrasafemedical.com\/?post_type=product&#038;p=2067"},"modified":"2020-07-21T22:30:24","modified_gmt":"2020-07-21T22:30:24","slug":"overol-protector-desechable-con-capucha-y-elastico","status":"publish","type":"product","link":"https:\/\/ultrasafemedical.com\/en\/product\/overol-protector-desechable-con-capucha-y-elastico\/","title":{"rendered":"Overol protector desechable con capucha y el\u00e1stico"},"content":{"rendered":"<p>Overoles desechables para trabajo y uso general. Es permeable tanto al aire como al vapor de agua, pero repele los l\u00edquidos de base acuosa y aerosoles, ofreciendo una excelente barrera frente a part\u00edculas y fibras finas. Cuenta con capucha ajustable para respirador y el\u00e1stico en mu\u00f1ecas y tobillos. Permite un amplio rango de movimiento al estirar y flexionar.<\/p>","protected":false},"excerpt":{"rendered":"<ul>\n<li>Permite el paso de aire.<\/li>\n<li>repele los l\u00edquidos de base acuosa y aerosoles.<\/li>\n<li>Cuenta con capucha ajustable para respirador y el\u00e1stico en mu\u00f1ecas y tobillos.<\/li>\n<li>Permite un amplio rango de movimiento al estirar y flexionar.<\/li>\n<\/ul>","protected":false},"featured_media":2073,"comment_status":"open","ping_status":"closed","template":"","meta":[],"_links":{"self":[{"href":"https:\/\/ultrasafemedical.com\/en\/wp-json\/wp\/v2\/product\/2067"}],"collection":[{"href":"https:\/\/ultrasafemedical.com\/en\/wp-json\/wp\/v2\/product"}],"about":[{"href":"https:\/\/ultrasafemedical.com\/en\/wp-json\/wp\/v2\/types\/product"}],"replies":[{"embeddable":true,"href":"https:\/\/ultrasafemedical.com\/en\/wp-json\/wp\/v2\/comments?post=2067"}],"version-history":[{"count":0,"href":"https:\/\/ultrasafemedical.com\/en\/wp-json\/wp\/v2\/product\/2067\/revisions"}],"wp:featuredmedia":[{"embeddable":true,"href":"https:\/\/ultrasafemedical.com\/en\/wp-json\/wp\/v2\/media\/2073"}],"wp:attachment":[{"href":"https:\/\/ultrasafemedical.com\/en\/wp-json\/wp\/v2\/media?parent=2067"}],"curies":[{"name":"wp","href":"https:\/\/api.w.org\/{rel}","templated":true}]}}