{"id":1567,"date":"2020-07-10T01:33:08","date_gmt":"2020-07-10T01:33:08","guid":{"rendered":"https:\/\/ultrasafemedical.com\/?post_type=product&#038;p=1567"},"modified":"2021-01-15T21:20:12","modified_gmt":"2021-01-15T21:20:12","slug":"1567","status":"publish","type":"product","link":"https:\/\/ultrasafemedical.com\/en\/product\/1567\/","title":{"rendered":"Term\u00f3metro infrarrojo CONTEC"},"content":{"rendered":"<p>El term\u00f3metro infrarrojo CONTEC es un instrumento digital port\u00e1til. Para utilizarlo no es necesario entrar en contacto con la piel del paciente, por lo que es un producto seguro para medir la temperatura corporal. Adecuado para uso m\u00e9dico y en el hogar.<\/p>","protected":false},"excerpt":{"rendered":"<p>El term\u00f3metro infrarrojo CONTEC es un instrumento digital port\u00e1til. Para utilizarlo no es necesario entrar en contacto con la piel del paciente, por lo que es un producto seguro para medir la temperatura corporal. Adecuado para uso m\u00e9dico y en el hogar.<\/p>","protected":false},"featured_media":6143,"comment_status":"open","ping_status":"closed","template":"","meta":[],"_links":{"self":[{"href":"https:\/\/ultrasafemedical.com\/en\/wp-json\/wp\/v2\/product\/1567"}],"collection":[{"href":"https:\/\/ultrasafemedical.com\/en\/wp-json\/wp\/v2\/product"}],"about":[{"href":"https:\/\/ultrasafemedical.com\/en\/wp-json\/wp\/v2\/types\/product"}],"replies":[{"embeddable":true,"href":"https:\/\/ultrasafemedical.com\/en\/wp-json\/wp\/v2\/comments?post=1567"}],"version-history":[{"count":1,"href":"https:\/\/ultrasafemedical.com\/en\/wp-json\/wp\/v2\/product\/1567\/revisions"}],"predecessor-version":[{"id":6172,"href":"https:\/\/ultrasafemedical.com\/en\/wp-json\/wp\/v2\/product\/1567\/revisions\/6172"}],"wp:featuredmedia":[{"embeddable":true,"href":"https:\/\/ultrasafemedical.com\/en\/wp-json\/wp\/v2\/media\/6143"}],"wp:attachment":[{"href":"https:\/\/ultrasafemedical.com\/en\/wp-json\/wp\/v2\/media?parent=1567"}],"curies":[{"name":"wp","href":"https:\/\/api.w.org\/{rel}","templated":true}]}}