{"id":1561,"date":"2020-07-10T01:22:17","date_gmt":"2020-07-10T01:22:17","guid":{"rendered":"https:\/\/ultrasafemedical.com\/?post_type=product&#038;p=1561"},"modified":"2021-01-15T22:00:06","modified_gmt":"2021-01-15T22:00:06","slug":"termometro-infrarrojo-cn520-1","status":"publish","type":"product","link":"https:\/\/ultrasafemedical.com\/en\/product\/termometro-infrarrojo-cn520-1\/","title":{"rendered":"Term\u00f3metro infrarrojo CN520-1"},"content":{"rendered":"<p>El Term\u00f3metro infrarrojo CN520-1 es un instrumento digital port\u00e1til. Para utilizarlo no es necesario entrar en contacto con la piel del paciente, por lo que es un producto seguro para medir la temperatura corporal. Adecuado para uso m\u00e9dico y en el hogar.<\/p>","protected":false},"excerpt":{"rendered":"<p>El Term\u00f3metro infrarrojo CN520-1 es un instrumento digital port\u00e1til. Para utilizarlo no es necesario entrar en contacto con la piel del paciente, por lo que es un producto seguro para medir la temperatura corporal. Adecuado para uso m\u00e9dico y en el hogar.<\/p>","protected":false},"featured_media":1564,"comment_status":"open","ping_status":"closed","template":"","meta":[],"_links":{"self":[{"href":"https:\/\/ultrasafemedical.com\/en\/wp-json\/wp\/v2\/product\/1561"}],"collection":[{"href":"https:\/\/ultrasafemedical.com\/en\/wp-json\/wp\/v2\/product"}],"about":[{"href":"https:\/\/ultrasafemedical.com\/en\/wp-json\/wp\/v2\/types\/product"}],"replies":[{"embeddable":true,"href":"https:\/\/ultrasafemedical.com\/en\/wp-json\/wp\/v2\/comments?post=1561"}],"version-history":[{"count":1,"href":"https:\/\/ultrasafemedical.com\/en\/wp-json\/wp\/v2\/product\/1561\/revisions"}],"predecessor-version":[{"id":6177,"href":"https:\/\/ultrasafemedical.com\/en\/wp-json\/wp\/v2\/product\/1561\/revisions\/6177"}],"wp:featuredmedia":[{"embeddable":true,"href":"https:\/\/ultrasafemedical.com\/en\/wp-json\/wp\/v2\/media\/1564"}],"wp:attachment":[{"href":"https:\/\/ultrasafemedical.com\/en\/wp-json\/wp\/v2\/media?parent=1561"}],"curies":[{"name":"wp","href":"https:\/\/api.w.org\/{rel}","templated":true}]}}