{"id":1501,"date":"2020-07-09T23:43:12","date_gmt":"2020-07-09T23:43:12","guid":{"rendered":"https:\/\/ultrasafemedical.com\/?post_type=product&#038;p=1501"},"modified":"2020-07-22T19:16:59","modified_gmt":"2020-07-22T19:16:59","slug":"oximetro-digital","status":"publish","type":"product","link":"https:\/\/ultrasafemedical.com\/en\/product\/oximetro-digital\/","title":{"rendered":"Ox\u00edmetro de pulso digital"},"content":{"rendered":"<p>El ox\u00edmetro de pulso digital tipo dedal, es un dispositivo pr\u00e1ctico y port\u00e1til que permite monitorear el pulso cardiaco y el nivel de oxigenaci\u00f3n en la sangre de una manera f\u00e1cil. Liviano y de uso muy sencillo, permite la revisi\u00f3n en todo momento y lugar. Simplemente coloca tu dedo dentro de la apertura correspondiente y, tras unos segundos, podr\u00e1s visualizar los par\u00e1metros obtenidos de forma clara en su pantalla de LED. El equipo cuenta con funci\u00f3n de autoapagado tras no detectar uso por unos segundos, lo que asegura el m\u00e1ximo ahorro de bater\u00eda, as\u00ed como una extensa vida \u00fatil del dispositivo.<\/p>","protected":false},"excerpt":{"rendered":"<ul>\n<li>Tipo dedal.<\/li>\n<li>Pr\u00e1ctico y port\u00e1til.<\/li>\n<li>Liviano y de uso muy sencillo.<\/li>\n<li>Permite la revisi\u00f3n en todo momento y lugar.<\/li>\n<li>Funci\u00f3n de autoapagado tras no detectar uso por unos segundos.<\/li>\n<\/ul>","protected":false},"featured_media":1808,"comment_status":"open","ping_status":"closed","template":"","meta":[],"_links":{"self":[{"href":"https:\/\/ultrasafemedical.com\/en\/wp-json\/wp\/v2\/product\/1501"}],"collection":[{"href":"https:\/\/ultrasafemedical.com\/en\/wp-json\/wp\/v2\/product"}],"about":[{"href":"https:\/\/ultrasafemedical.com\/en\/wp-json\/wp\/v2\/types\/product"}],"replies":[{"embeddable":true,"href":"https:\/\/ultrasafemedical.com\/en\/wp-json\/wp\/v2\/comments?post=1501"}],"version-history":[{"count":0,"href":"https:\/\/ultrasafemedical.com\/en\/wp-json\/wp\/v2\/product\/1501\/revisions"}],"wp:featuredmedia":[{"embeddable":true,"href":"https:\/\/ultrasafemedical.com\/en\/wp-json\/wp\/v2\/media\/1808"}],"wp:attachment":[{"href":"https:\/\/ultrasafemedical.com\/en\/wp-json\/wp\/v2\/media?parent=1501"}],"curies":[{"name":"wp","href":"https:\/\/api.w.org\/{rel}","templated":true}]}}