{"id":1482,"date":"2020-07-09T22:29:00","date_gmt":"2020-07-09T22:29:00","guid":{"rendered":"https:\/\/ultrasafemedical.com\/?post_type=product&#038;p=1482"},"modified":"2021-01-15T22:12:39","modified_gmt":"2021-01-15T22:12:39","slug":"cubrebocas-desechables-de-3-capas","status":"publish","type":"product","link":"https:\/\/ultrasafemedical.com\/en\/product\/cubrebocas-desechables-de-3-capas\/","title":{"rendered":"Cubrebocas tricapa plisado, termosellado"},"content":{"rendered":"<p>Disfruta del aire limpio con una m\u00e1scara desechable con filtros de triple membrana para prevenir mejor la contaminaci\u00f3n, el polvo, bacterias, polen y otras sustancias nocivas del aire. Con su dise\u00f1o ergon\u00f3mico hecho de materiales m\u00e9dicos est\u00e1ndar, sin l\u00e1tex y sin fibra de vidrio, es ultra suave para la piel sensible. Nuestra m\u00e1scara de oreja tambi\u00e9n ofrece una pieza de nariz flexible que ayuda a formar un cierre para una mejor protecci\u00f3n contra la exposici\u00f3n.<\/p>","protected":false},"excerpt":{"rendered":"<p>Caja de 50 piezas.<\/p>","protected":false},"featured_media":6152,"comment_status":"open","ping_status":"closed","template":"","meta":[],"_links":{"self":[{"href":"https:\/\/ultrasafemedical.com\/en\/wp-json\/wp\/v2\/product\/1482"}],"collection":[{"href":"https:\/\/ultrasafemedical.com\/en\/wp-json\/wp\/v2\/product"}],"about":[{"href":"https:\/\/ultrasafemedical.com\/en\/wp-json\/wp\/v2\/types\/product"}],"replies":[{"embeddable":true,"href":"https:\/\/ultrasafemedical.com\/en\/wp-json\/wp\/v2\/comments?post=1482"}],"version-history":[{"count":1,"href":"https:\/\/ultrasafemedical.com\/en\/wp-json\/wp\/v2\/product\/1482\/revisions"}],"predecessor-version":[{"id":6183,"href":"https:\/\/ultrasafemedical.com\/en\/wp-json\/wp\/v2\/product\/1482\/revisions\/6183"}],"wp:featuredmedia":[{"embeddable":true,"href":"https:\/\/ultrasafemedical.com\/en\/wp-json\/wp\/v2\/media\/6152"}],"wp:attachment":[{"href":"https:\/\/ultrasafemedical.com\/en\/wp-json\/wp\/v2\/media?parent=1482"}],"curies":[{"name":"wp","href":"https:\/\/api.w.org\/{rel}","templated":true}]}}