{"id":1401,"date":"2020-07-09T00:32:43","date_gmt":"2020-07-09T00:32:43","guid":{"rendered":"https:\/\/ultrasafemedical.com\/?post_type=product&#038;p=1401"},"modified":"2020-07-29T05:37:25","modified_gmt":"2020-07-29T05:37:25","slug":"mascara-de-neopreno-con-visor","status":"publish","type":"product","link":"https:\/\/ultrasafemedical.com\/en\/product\/mascara-de-neopreno-con-visor\/","title":{"rendered":"Mascara de neopreno con visor"},"content":{"rendered":"<p>M\u00e1scara de neopreno con visor hecha en M\u00e9xico. Este material garantiza que no pasar\u00e1 agua ni aire. Prot\u00e9gete y protege a los dem\u00e1s. Es lavable y duradero con un tiempo de vida \u00fatil de tres meses.<\/p>","protected":false},"excerpt":{"rendered":"<ul>\n<li>Resistente, flexible y c\u00f3modo.<\/li>\n<li>Hecha en M\u00e9xico.<\/li>\n<li>Garantiza que no pasar\u00e1 agua ni aire.<\/li>\n<li>Es lavable y duradero.<\/li>\n<li>Tiempo de vida \u00fatil de tres meses.<\/li>\n<\/ul>","protected":false},"featured_media":1809,"comment_status":"open","ping_status":"closed","template":"","meta":[],"_links":{"self":[{"href":"https:\/\/ultrasafemedical.com\/en\/wp-json\/wp\/v2\/product\/1401"}],"collection":[{"href":"https:\/\/ultrasafemedical.com\/en\/wp-json\/wp\/v2\/product"}],"about":[{"href":"https:\/\/ultrasafemedical.com\/en\/wp-json\/wp\/v2\/types\/product"}],"replies":[{"embeddable":true,"href":"https:\/\/ultrasafemedical.com\/en\/wp-json\/wp\/v2\/comments?post=1401"}],"version-history":[{"count":0,"href":"https:\/\/ultrasafemedical.com\/en\/wp-json\/wp\/v2\/product\/1401\/revisions"}],"wp:featuredmedia":[{"embeddable":true,"href":"https:\/\/ultrasafemedical.com\/en\/wp-json\/wp\/v2\/media\/1809"}],"wp:attachment":[{"href":"https:\/\/ultrasafemedical.com\/en\/wp-json\/wp\/v2\/media?parent=1401"}],"curies":[{"name":"wp","href":"https:\/\/api.w.org\/{rel}","templated":true}]}}