{"id":1228,"date":"2020-06-24T06:23:30","date_gmt":"2020-06-24T06:23:30","guid":{"rendered":"https:\/\/ultrasafemedical.com\/?post_type=product&#038;p=1228"},"modified":"2020-11-11T22:56:42","modified_gmt":"2020-11-11T22:56:42","slug":"guante-nitrilo-negro","status":"publish","type":"product","link":"https:\/\/ultrasafemedical.com\/en\/product\/guante-nitrilo-negro\/","title":{"rendered":"Guante nitrilo negro"},"content":{"rendered":"<p>Grosor duradero que brinda protecci\u00f3n a sus manos mientras maximiza la destreza y la comodidad. Ideal para el procesamiento de alimentos, limpieza o fabricaci\u00f3n. Ofrecen una mayor protecci\u00f3n que el l\u00e1tex cuando se usan solventes, acabados y productos qu\u00edmicos. Los guantes de nitrilo tambi\u00e9n son mucho m\u00e1s resistentes a pinchazos y enganches.<\/p>","protected":false},"excerpt":{"rendered":"<ul>\n<li>Protecci\u00f3n a sus manos mientras maximiza la destreza y la comodidad.<\/li>\n<li>Ideal para el procesamiento de alimentos, limpieza o fabricaci\u00f3n.<\/li>\n<li>Mayor protecci\u00f3n que el l\u00e1tex cuando se usan solventes, acabados y productos qu\u00edmicos.<\/li>\n<li>Resistentes a pinchazos y enganches.<\/li>\n<\/ul>","protected":false},"featured_media":1814,"comment_status":"open","ping_status":"closed","template":"","meta":[],"_links":{"self":[{"href":"https:\/\/ultrasafemedical.com\/en\/wp-json\/wp\/v2\/product\/1228"}],"collection":[{"href":"https:\/\/ultrasafemedical.com\/en\/wp-json\/wp\/v2\/product"}],"about":[{"href":"https:\/\/ultrasafemedical.com\/en\/wp-json\/wp\/v2\/types\/product"}],"replies":[{"embeddable":true,"href":"https:\/\/ultrasafemedical.com\/en\/wp-json\/wp\/v2\/comments?post=1228"}],"version-history":[{"count":0,"href":"https:\/\/ultrasafemedical.com\/en\/wp-json\/wp\/v2\/product\/1228\/revisions"}],"wp:featuredmedia":[{"embeddable":true,"href":"https:\/\/ultrasafemedical.com\/en\/wp-json\/wp\/v2\/media\/1814"}],"wp:attachment":[{"href":"https:\/\/ultrasafemedical.com\/en\/wp-json\/wp\/v2\/media?parent=1228"}],"curies":[{"name":"wp","href":"https:\/\/api.w.org\/{rel}","templated":true}]}}