{"id":254,"date":"2020-04-17T02:16:50","date_gmt":"2020-04-17T02:16:50","guid":{"rendered":"https:\/\/ultrasafemedical.com\/contact\/"},"modified":"2020-07-16T17:48:47","modified_gmt":"2020-07-16T17:48:47","slug":"contact","status":"publish","type":"page","link":"https:\/\/ultrasafemedical.com\/en\/contact\/","title":{"rendered":"Contact"},"content":{"rendered":"<div data-elementor-type=\"wp-page\" data-elementor-id=\"254\" class=\"elementor elementor-254\" data-elementor-settings=\"[]\">\n\t\t\t<div class=\"elementor-inner\">\n\t\t\t\t<div class=\"elementor-section-wrap\">\n\t\t\t\t\t\t\t<section class=\"elementor-element elementor-element-09f20a7 elementor-section-boxed elementor-section-gap-beside-yes elementor-section-height-default elementor-section-height-default elementor-section-content-align-center elementor-section-column-vertical-align-stretch elementor-section elementor-top-section\" data-id=\"09f20a7\" data-element_type=\"section\">\n\t\t\t\t\t\t<div class=\"elementor-container elementor-column-gap-extended\">\n\t\t\t\t<div class=\"elementor-row\">\n\t\t\t\t<div class=\"elementor-element elementor-element-3a3c2e6 elementor-column elementor-col-100 elementor-top-column\" data-id=\"3a3c2e6\" data-element_type=\"column\">\n\t\t\t<div class=\"elementor-column-wrap  elementor-element-populated\">\n\t\t\t\t\t<div class=\"elementor-widget-wrap\">\n\t\t\t\t<section class=\"elementor-element elementor-element-ce6c0c5 elementor-section-gap-beside-no elementor-section-boxed elementor-section-height-default elementor-section-height-default elementor-section-column-vertical-align-stretch elementor-section elementor-inner-section\" data-id=\"ce6c0c5\" data-element_type=\"section\">\n\t\t\t\t\t\t<div class=\"elementor-container elementor-column-gap-extended\">\n\t\t\t\t<div class=\"elementor-row\">\n\t\t\t\t<div class=\"elementor-element elementor-element-95dbbd0 elementor-column elementor-col-100 elementor-inner-column\" data-id=\"95dbbd0\" data-element_type=\"column\">\n\t\t\t<div class=\"elementor-column-wrap  elementor-element-populated\">\n\t\t\t\t\t<div class=\"elementor-widget-wrap\">\n\t\t\t\t<div class=\"elementor-element elementor-element-bd7f3ae elementor-invisible elementor-widget elementor-widget-tm-heading\" data-id=\"bd7f3ae\" data-element_type=\"widget\" data-settings=\"{&quot;_animation&quot;:&quot;tmFadeInUp&quot;}\" data-widget_type=\"tm-heading.default\">\n\t\t\t\t<div class=\"elementor-widget-container\">\n\t\t\t\t\t<div class=\"tm-modern-heading\">\n\t\t\t\n\t\t\t\t\t<div class=\"heading-primary-wrap\">\n\t\t\t<h3 class=\"heading-primary elementor-heading-title\">Siempre cerca de ti.<\/h3>\t\t<\/div>\n\t\t\n\t\t\t\n\t\t\t\t\t<\/div>\n\t\t\t\t<\/div>\n\t\t\t\t<\/div>\n\t\t\t\t\t\t<\/div>\n\t\t\t<\/div>\n\t\t<\/div>\n\t\t\t\t\t\t<\/div>\n\t\t\t<\/div>\n\t\t<\/section>\n\t\t\t\t<section class=\"elementor-element elementor-element-9fb2763 elementor-section-gap-beside-no elementor-section-boxed elementor-section-height-default elementor-section-height-default elementor-section-column-vertical-align-stretch elementor-section elementor-inner-section\" data-id=\"9fb2763\" data-element_type=\"section\">\n\t\t\t\t\t\t<div class=\"elementor-container elementor-column-gap-wider\">\n\t\t\t\t<div class=\"elementor-row\">\n\t\t\t\t<div class=\"elementor-element elementor-element-de4adc6 elementor-column elementor-col-33 elementor-inner-column\" data-id=\"de4adc6\" data-element_type=\"column\">\n\t\t\t<div class=\"elementor-column-wrap  elementor-element-populated\">\n\t\t\t\t\t<div class=\"elementor-widget-wrap\">\n\t\t\t\t<div class=\"elementor-element elementor-element-bab0e90 medizin-view-default elementor-position-top elementor-invisible elementor-widget elementor-widget-tm-icon-box\" data-id=\"bab0e90\" data-element_type=\"widget\" data-settings=\"{&quot;_animation&quot;:&quot;tmFadeInUp&quot;}\" data-widget_type=\"tm-icon-box.default\">\n\t\t\t\t<div class=\"elementor-widget-container\">\n\t\t\t\t\t<div class=\"tm-icon-box medizin-box\">\n\t\t<div class=\"icon-box-wrapper\">\n\t\t\t\t\t<div class=\"medizin-icon-wrap\">\n\t\t\t<div class=\"medizin-icon-view\">\n\t\t\t\t<div class=\"medizin-icon icon medizin-solid-icon\">\n\t\t\t\t\t<i aria-hidden=\"true\" class=\"fal fa-map-marker-alt\"><\/i>\t\t\t\t<\/div>\n\t\t\t<\/div>\n\t\t<\/div>\n\t\t\n\t\t\t<div class=\"icon-box-content\">\n\t\t\t\t\t\t<div class=\"heading-wrap\">\n\t\t\t<h3 class=\"heading\">Direcci\u00f3n<\/h3>\n\t\t\t\t\t<\/div>\n\t\t\n\t\t\t\t\t\t<div class=\"description-wrap\">\n\t\t\t<div class=\"description\">\n\t\t\t\tAv. Fundidora #501 L.35 - Monterrey N.L. M\u00e9xico 64010 (Cintermex)\t\t\t<\/div>\n\t\t<\/div>\n\t\t\n\t\t\t\t\t\t\t<\/div>\n\t\t<\/div>\n\n\t\t<\/div>\t\t\t\t<\/div>\n\t\t\t\t<\/div>\n\t\t\t\t\t\t<\/div>\n\t\t\t<\/div>\n\t\t<\/div>\n\t\t\t\t<div class=\"elementor-element elementor-element-d653f35 elementor-column elementor-col-33 elementor-inner-column\" data-id=\"d653f35\" data-element_type=\"column\">\n\t\t\t<div class=\"elementor-column-wrap  elementor-element-populated\">\n\t\t\t\t\t<div class=\"elementor-widget-wrap\">\n\t\t\t\t<div class=\"elementor-element elementor-element-2aeac6d medizin-view-default elementor-position-top elementor-invisible elementor-widget elementor-widget-tm-icon-box\" data-id=\"2aeac6d\" data-element_type=\"widget\" data-settings=\"{&quot;_animation&quot;:&quot;tmFadeInUp&quot;}\" data-widget_type=\"tm-icon-box.default\">\n\t\t\t\t<div class=\"elementor-widget-container\">\n\t\t\t\t\t<div class=\"tm-icon-box medizin-box\">\n\t\t<div class=\"icon-box-wrapper\">\n\t\t\t\t\t<div class=\"medizin-icon-wrap\">\n\t\t\t<div class=\"medizin-icon-view\">\n\t\t\t\t<div class=\"medizin-icon icon medizin-solid-icon\">\n\t\t\t\t\t<i aria-hidden=\"true\" class=\"fal fa-phone\"><\/i>\t\t\t\t<\/div>\n\t\t\t<\/div>\n\t\t<\/div>\n\t\t\n\t\t\t<div class=\"icon-box-content\">\n\t\t\t\t\t\t<div class=\"heading-wrap\">\n\t\t\t<h3 class=\"heading\">Phone<\/h3>\n\t\t\t\t\t<\/div>\n\t\t\n\t\t\t\t\t\t<div class=\"description-wrap\">\n\t\t\t<div class=\"description\">\n\t\t\t\tCelular: <span class=\"font-700 heading-color\">+52 (646) 160 1 200<\/span><br \/>\nOficina: <span class=\"font-700 heading-color\">01 (800) 824-1257<\/span><br \/>\nCorreo: <span class=\"heading-color\">info@ultrasafemedical.com<\/span>\t\t\t<\/div>\n\t\t<\/div>\n\t\t\n\t\t\t\t\t\t\t<\/div>\n\t\t<\/div>\n\n\t\t<\/div>\t\t\t\t<\/div>\n\t\t\t\t<\/div>\n\t\t\t\t\t\t<\/div>\n\t\t\t<\/div>\n\t\t<\/div>\n\t\t\t\t<div class=\"elementor-element elementor-element-ec081d3 elementor-column elementor-col-33 elementor-inner-column\" data-id=\"ec081d3\" data-element_type=\"column\">\n\t\t\t<div class=\"elementor-column-wrap  elementor-element-populated\">\n\t\t\t\t\t<div class=\"elementor-widget-wrap\">\n\t\t\t\t<div class=\"elementor-element elementor-element-4eb9c2e medizin-view-default elementor-position-top elementor-invisible elementor-widget elementor-widget-tm-icon-box\" data-id=\"4eb9c2e\" data-element_type=\"widget\" data-settings=\"{&quot;_animation&quot;:&quot;tmFadeInUp&quot;}\" data-widget_type=\"tm-icon-box.default\">\n\t\t\t\t<div class=\"elementor-widget-container\">\n\t\t\t\t\t<div class=\"tm-icon-box medizin-box\">\n\t\t<div class=\"icon-box-wrapper\">\n\t\t\t\t\t<div class=\"medizin-icon-wrap\">\n\t\t\t<div class=\"medizin-icon-view\">\n\t\t\t\t<div class=\"medizin-icon icon medizin-solid-icon\">\n\t\t\t\t\t<i aria-hidden=\"true\" class=\"fal fa-clock\"><\/i>\t\t\t\t<\/div>\n\t\t\t<\/div>\n\t\t<\/div>\n\t\t\n\t\t\t<div class=\"icon-box-content\">\n\t\t\t\t\t\t<div class=\"heading-wrap\">\n\t\t\t<h3 class=\"heading\">Horario de oficina<\/h3>\n\t\t\t\t\t<\/div>\n\t\t\n\t\t\t\t\t\t<div class=\"description-wrap\">\n\t\t\t<div class=\"description\">\n\t\t\t\tLunes a Viernes: 09:00 - 17:00 Hrs.<br \/>\nS\u00e1bado: 10:00 - 13:00 Hrs.\t\t\t<\/div>\n\t\t<\/div>\n\t\t\n\t\t\t\t\t\t\t<\/div>\n\t\t<\/div>\n\n\t\t<\/div>\t\t\t\t<\/div>\n\t\t\t\t<\/div>\n\t\t\t\t\t\t<\/div>\n\t\t\t<\/div>\n\t\t<\/div>\n\t\t\t\t\t\t<\/div>\n\t\t\t<\/div>\n\t\t<\/section>\n\t\t\t\t<section class=\"elementor-element elementor-element-dd4dfc7 elementor-section-gap-beside-no elementor-section-boxed elementor-section-height-default elementor-section-height-default elementor-section-column-vertical-align-stretch elementor-section elementor-inner-section\" data-id=\"dd4dfc7\" data-element_type=\"section\">\n\t\t\t\t\t\t<div class=\"elementor-container elementor-column-gap-extended\">\n\t\t\t\t<div class=\"elementor-row\">\n\t\t\t\t<div class=\"elementor-element elementor-element-d6d5a47 elementor-column elementor-col-100 elementor-inner-column\" data-id=\"d6d5a47\" data-element_type=\"column\">\n\t\t\t<div class=\"elementor-column-wrap  elementor-element-populated\">\n\t\t\t\t\t<div class=\"elementor-widget-wrap\">\n\t\t\t\t<div class=\"elementor-element elementor-element-15c3843 elementor-invisible elementor-widget elementor-widget-tm-google-map\" data-id=\"15c3843\" data-element_type=\"widget\" data-settings=\"{&quot;_animation&quot;:&quot;tmFadeInUp&quot;}\" data-widget_type=\"tm-google-map.default\">\n\t\t\t\t<div class=\"elementor-widget-container\">\n\t\t\t\t\t<div class=\"tm-google-map marker-style-signal\">\n\t\t\t<div class=\"map\" data-height=\"500\"><\/div>\n\t\t\t<div class=\"map-options display-none\">\n\t\t\t\t{\"settings\":{\"zoom\":12,\"mapTypeControl\":false,\"mapTypeId\":\"roadmap\",\"styles\":[{\"featureType\":\"water\",\"elementType\":\"geometry\",\"stylers\":[{\"color\":\"#e9e9e9\"},{\"lightness\":17}]},{\"featureType\":\"landscape\",\"elementType\":\"geometry\",\"stylers\":[{\"color\":\"#f5f5f5\"},{\"lightness\":20}]},{\"featureType\":\"road.highway\",\"elementType\":\"geometry.fill\",\"stylers\":[{\"color\":\"#ffffff\"},{\"lightness\":17}]},{\"featureType\":\"road.highway\",\"elementType\":\"geometry.stroke\",\"stylers\":[{\"color\":\"#ffffff\"},{\"lightness\":29},{\"weight\":0.2}]},{\"featureType\":\"road.arterial\",\"elementType\":\"geometry\",\"stylers\":[{\"color\":\"#ffffff\"},{\"lightness\":18}]},{\"featureType\":\"road.local\",\"elementType\":\"geometry\",\"stylers\":[{\"color\":\"#ffffff\"},{\"lightness\":16}]},{\"featureType\":\"poi\",\"elementType\":\"geometry\",\"stylers\":[{\"color\":\"#f5f5f5\"},{\"lightness\":21}]},{\"featureType\":\"poi.park\",\"elementType\":\"geometry\",\"stylers\":[{\"color\":\"#dedede\"},{\"lightness\":21}]},{\"elementType\":\"labels.text.stroke\",\"stylers\":[{\"visibility\":\"on\"},{\"color\":\"#ffffff\"},{\"lightness\":16}]},{\"elementType\":\"labels.text.fill\",\"stylers\":[{\"saturation\":36},{\"color\":\"#333333\"},{\"lightness\":40}]},{\"elementType\":\"labels.icon\",\"stylers\":[{\"visibility\":\"off\"}]},{\"featureType\":\"transit\",\"elementType\":\"geometry\",\"stylers\":[{\"color\":\"#f2f2f2\"},{\"lightness\":19}]},{\"featureType\":\"administrative\",\"elementType\":\"geometry.fill\",\"stylers\":[{\"color\":\"#fefefe\"},{\"lightness\":20}]},{\"featureType\":\"administrative\",\"elementType\":\"geometry.stroke\",\"stylers\":[{\"color\":\"#fefefe\"},{\"lightness\":17},{\"weight\":1.2}]}],\"zoomControl\":false,\"scaleControl\":false,\"streetViewControl\":false,\"fullscreenControl\":false,\"scrollwheel\":false,\"draggable\":true,\"center\":[\"25.677021\",\" -100.287948\"]},\"marker\":[{\"position\":[\"25.677021\",\" -100.287948\"]}],\"overlay\":[{\"position\":[\"25.677021\",\" -100.287948\"],\"content\":\"\\u003Cdiv class=\\u0022medizin-map-overlay medizin-map-overlay- elementor-repeater-item-2b68140\\u0022\\u003E\\u003Cdiv class=\\u0022gmap-info-wrapper style-signal\\u0022\\u003E\\u003Cdiv class=\\u0022animated-dot\\u0022\\u003E\\u003Cdiv class=\\u0022middle-dot\\u0022\\u003E\\u003C\\\/div\\u003E\\u003Cdiv class=\\u0022signal signal-1\\u0022\\u003E\\u003C\\\/div\\u003E\\u003Cdiv class=\\u0022signal signal-2\\u0022\\u003E\\u003C\\\/div\\u003E\\u003C\\\/div\\u003E\\u003C\\\/div\\u003E\\u003C\\\/div\\u003E\"}]}\t\t\t<\/div>\n\t\t<\/div>\n\t\t\t\t<\/div>\n\t\t\t\t<\/div>\n\t\t\t\t\t\t<\/div>\n\t\t\t<\/div>\n\t\t<\/div>\n\t\t\t\t\t\t<\/div>\n\t\t\t<\/div>\n\t\t<\/section>\n\t\t\t\t\t\t<\/div>\n\t\t\t<\/div>\n\t\t<\/div>\n\t\t\t\t\t\t<\/div>\n\t\t\t<\/div>\n\t\t<\/section>\n\t\t\t\t<section class=\"elementor-element elementor-element-367f620 elementor-section-boxed elementor-section-gap-beside-yes elementor-section-height-default elementor-section-height-default elementor-section-content-align-center elementor-section-column-vertical-align-stretch elementor-section elementor-top-section\" data-id=\"367f620\" data-element_type=\"section\">\n\t\t\t\t\t\t<div class=\"elementor-container elementor-column-gap-extended\">\n\t\t\t\t<div class=\"elementor-row\">\n\t\t\t\t<div class=\"elementor-element elementor-element-5b53d83 elementor-column elementor-col-100 elementor-top-column\" data-id=\"5b53d83\" data-element_type=\"column\">\n\t\t\t<div class=\"elementor-column-wrap  elementor-element-populated\">\n\t\t\t\t\t<div class=\"elementor-widget-wrap\">\n\t\t\t\t<div class=\"elementor-element elementor-element-02d9ef9 elementor-invisible elementor-widget elementor-widget-tm-heading\" data-id=\"02d9ef9\" data-element_type=\"widget\" data-settings=\"{&quot;_animation&quot;:&quot;tmFadeInUp&quot;}\" data-widget_type=\"tm-heading.default\">\n\t\t\t\t<div class=\"elementor-widget-container\">\n\t\t\t\t\t<div class=\"tm-modern-heading\">\n\t\t\t\n\t\t\t\t\t<div class=\"heading-primary-wrap\">\n\t\t\t<h3 class=\"heading-primary elementor-heading-title\">Escr\u00edbenos tus dudas o comentarios, los contestaremos en menos de 24 hrs.<\/h3>\t\t<\/div>\n\t\t\n\t\t\t\n\t\t\t\t\t<\/div>\n\t\t\t\t<\/div>\n\t\t\t\t<\/div>\n\t\t\t\t<div class=\"elementor-element elementor-element-98f7dfe medizin-button-align-center medizin-contact-form-style-01 elementor-invisible elementor-widget elementor-widget-tm-contact-form-7\" data-id=\"98f7dfe\" data-element_type=\"widget\" data-settings=\"{&quot;_animation&quot;:&quot;tmFadeInUp&quot;}\" data-widget_type=\"tm-contact-form-7.default\">\n\t\t\t\t<div class=\"elementor-widget-container\">\n\t\t\t\t\t<div class=\"medizin-contact-form-7\">\n\t\t\t<div role=\"form\" class=\"wpcf7\" id=\"wpcf7-f420-o1\" lang=\"en-US\" dir=\"ltr\">\n<div class=\"screen-reader-response\"><p role=\"status\" aria-live=\"polite\" aria-atomic=\"true\"><\/p> <ul><\/ul><\/div>\n<form action=\"\/en\/wp-json\/wp\/v2\/pages\/254#wpcf7-f420-o1\" method=\"post\" class=\"wpcf7-form init\" novalidate=\"novalidate\" data-status=\"init\" data-trp-original-action=\"\/en\/wp-json\/wp\/v2\/pages\/254#wpcf7-f420-o1\">\n<div style=\"display: none;\">\n<input type=\"hidden\" name=\"_wpcf7\" value=\"420\" \/>\n<input type=\"hidden\" name=\"_wpcf7_version\" value=\"5.4.1\" \/>\n<input type=\"hidden\" name=\"_wpcf7_locale\" value=\"en_US\" \/>\n<input type=\"hidden\" name=\"_wpcf7_unit_tag\" value=\"wpcf7-f420-o1\" \/>\n<input type=\"hidden\" name=\"_wpcf7_container_post\" value=\"0\" \/>\n<input type=\"hidden\" name=\"_wpcf7_posted_data_hash\" value=\"\" \/>\n<\/div>\n<div class=\"row\">\n<div class=\"col-md-6\">\n<div class=\"form-item\">\n\t\t\t<span class=\"wpcf7-form-control-wrap your-first-name\"><input type=\"text\" name=\"your-first-name\" value=\"\" size=\"40\" class=\"wpcf7-form-control wpcf7-text wpcf7-validates-as-required\" aria-required=\"true\" aria-invalid=\"false\" placeholder=\"Name\" \/><\/span>\n\t\t<\/div>\n<\/div>\n<div class=\"col-md-6\">\n<div class=\"form-item\">\n\t\t\t<span class=\"wpcf7-form-control-wrap your-last-name\"><input type=\"text\" name=\"your-last-name\" value=\"\" size=\"40\" class=\"wpcf7-form-control wpcf7-text wpcf7-validates-as-required\" aria-required=\"true\" aria-invalid=\"false\" placeholder=\"Last name\" \/><\/span>\n\t\t<\/div>\n<\/div>\n<div class=\"col-md-6\">\n<div class=\"form-item\">\n\t\t\t<span class=\"wpcf7-form-control-wrap your-email\"><input type=\"email\" name=\"your-email\" value=\"\" size=\"40\" class=\"wpcf7-form-control wpcf7-text wpcf7-email wpcf7-validates-as-required wpcf7-validates-as-email\" aria-required=\"true\" aria-invalid=\"false\" placeholder=\"E-mail\" \/><\/span>\n\t\t<\/div>\n<\/div>\n<div class=\"col-md-6\">\n<div class=\"form-item\">\n\t\t\t<span class=\"wpcf7-form-control-wrap your-phone\"><input type=\"tel\" name=\"your-phone\" value=\"\" size=\"40\" class=\"wpcf7-form-control wpcf7-text wpcf7-tel wpcf7-validates-as-tel\" aria-invalid=\"false\" placeholder=\"Phone number\" \/><\/span>\n\t\t<\/div>\n<\/div>\n<div class=\"col-md-12\">\n<div class=\"form-item\"><span class=\"wpcf7-form-control-wrap your-message\"><textarea name=\"your-message\" cols=\"40\" rows=\"10\" class=\"wpcf7-form-control wpcf7-textarea\" aria-invalid=\"false\" placeholder=\"Message\"><\/textarea><\/span><\/div>\n<\/div>\n<div class=\"col-md-12\">\n<div class=\"form-submit\">\n\t\t\t\t<input type=\"submit\" value=\"Send\" class=\"wpcf7-form-control wpcf7-submit\" \/>\n\t\t\t<\/div>\n<\/div>\n<\/div>\n<div class=\"wpcf7-response-output\" aria-hidden=\"true\"><\/div><input type=\"hidden\" name=\"trp-form-language\" value=\"en\"\/><\/form><\/div>\t\t<\/div>\n\t\t\t\t<\/div>\n\t\t\t\t\t\t<\/div>\n\t\t\t<\/div>\n\t\t<\/div>\n\t\t\t\t\t\t<\/div>\n\t\t\t<\/div>\n\t\t<\/section>\n\t\t\t\t\t\t<\/div>\n\t\t\t<\/div>\n\t\t<\/div>","protected":false},"excerpt":{"rendered":"<p>Siempre cerca de ti. Direcci\u00f3n Av. Fundidora #501 L.35 &#8211; Monterrey N.L. M\u00e9xico 64010 (Cintermex) Tel\u00e9fono Celular: +52 (646) 160 1 200 Oficina: 01 (800) 824-1257 Correo: info@ultrasafemedical.com Horario de oficina Lunes a Viernes: 09:00 &#8211; 17:00 Hrs. S\u00e1bado: 10:00 &#8211; 13:00 Hrs. {&#8220;settings&#8221;:{&#8220;zoom&#8221;:12,&#8221;mapTypeControl&#8221;:false,&#8221;mapTypeId&#8221;:&#8221;roadmap&#8221;,&#8221;styles&#8221;:[{&#8220;featureType&#8221;:&#8221;water&#8221;,&#8221;elementType&#8221;:&#8221;geometry&#8221;,&#8221;stylers&#8221;:[{&#8220;color&#8221;:&#8221;#e9e9e9&#8243;},{&#8220;lightness&#8221;:17}]},{&#8220;featureType&#8221;:&#8221;landscape&#8221;,&#8221;elementType&#8221;:&#8221;geometry&#8221;,&#8221;stylers&#8221;:[{&#8220;color&#8221;:&#8221;#f5f5f5&#8243;},{&#8220;lightness&#8221;:20}]},{&#8220;featureType&#8221;:&#8221;road.highway&#8221;,&#8221;elementType&#8221;:&#8221;geometry.fill&#8221;,&#8221;stylers&#8221;:[{&#8220;color&#8221;:&#8221;#ffffff&#8221;},{&#8220;lightness&#8221;:17}]},{&#8220;featureType&#8221;:&#8221;road.highway&#8221;,&#8221;elementType&#8221;:&#8221;geometry.stroke&#8221;,&#8221;stylers&#8221;:[{&#8220;color&#8221;:&#8221;#ffffff&#8221;},{&#8220;lightness&#8221;:29},{&#8220;weight&#8221;:0.2}]},{&#8220;featureType&#8221;:&#8221;road.arterial&#8221;,&#8221;elementType&#8221;:&#8221;geometry&#8221;,&#8221;stylers&#8221;:[{&#8220;color&#8221;:&#8221;#ffffff&#8221;},{&#8220;lightness&#8221;:18}]},{&#8220;featureType&#8221;:&#8221;road.local&#8221;,&#8221;elementType&#8221;:&#8221;geometry&#8221;,&#8221;stylers&#8221;:[{&#8220;color&#8221;:&#8221;#ffffff&#8221;},{&#8220;lightness&#8221;:16}]},{&#8220;featureType&#8221;:&#8221;poi&#8221;,&#8221;elementType&#8221;:&#8221;geometry&#8221;,&#8221;stylers&#8221;:[{&#8220;color&#8221;:&#8221;#f5f5f5&#8243;},{&#8220;lightness&#8221;:21}]},{&#8220;featureType&#8221;:&#8221;poi.park&#8221;,&#8221;elementType&#8221;:&#8221;geometry&#8221;,&#8221;stylers&#8221;:[{&#8220;color&#8221;:&#8221;#dedede&#8221;},{&#8220;lightness&#8221;:21}]},{&#8220;elementType&#8221;:&#8221;labels.text.stroke&#8221;,&#8221;stylers&#8221;:[{&#8220;visibility&#8221;:&#8221;on&#8221;},{&#8220;color&#8221;:&#8221;#ffffff&#8221;},{&#8220;lightness&#8221;:16}]},{&#8220;elementType&#8221;:&#8221;labels.text.fill&#8221;,&#8221;stylers&#8221;:[{&#8220;saturation&#8221;:36},{&#8220;color&#8221;:&#8221;#333333&#8243;},{&#8220;lightness&#8221;:40}]},{&#8220;elementType&#8221;:&#8221;labels.icon&#8221;,&#8221;stylers&#8221;:[{&#8220;visibility&#8221;:&#8221;off&#8221;}]},{&#8220;featureType&#8221;:&#8221;transit&#8221;,&#8221;elementType&#8221;:&#8221;geometry&#8221;,&#8221;stylers&#8221;:[{&#8220;color&#8221;:&#8221;#f2f2f2&#8243;},{&#8220;lightness&#8221;:19}]},{&#8220;featureType&#8221;:&#8221;administrative&#8221;,&#8221;elementType&#8221;:&#8221;geometry.fill&#8221;,&#8221;stylers&#8221;:[{&#8220;color&#8221;:&#8221;#fefefe&#8221;},{&#8220;lightness&#8221;:20}]},{&#8220;featureType&#8221;:&#8221;administrative&#8221;,&#8221;elementType&#8221;:&#8221;geometry.stroke&#8221;,&#8221;stylers&#8221;:[{&#8220;color&#8221;:&#8221;#fefefe&#8221;},{&#8220;lightness&#8221;:17},{&#8220;weight&#8221;:1.2}]}],&#8221;zoomControl&#8221;:false,&#8221;scaleControl&#8221;:false,&#8221;streetViewControl&#8221;:false,&#8221;fullscreenControl&#8221;:false,&#8221;scrollwheel&#8221;:false,&#8221;draggable&#8221;:true,&#8221;center&#8221;:[&#8220;25.677021&#8243;,&#8221; -100.287948&#8243;]},&#8221;marker&#8221;:[{&#8220;position&#8221;:[&#8220;25.677021&#8243;,&#8221; -100.287948&#8243;]}],&#8221;overlay&#8221;:[{&#8220;position&#8221;:[&#8220;25.677021&#8243;,&#8221; -100.287948&#8243;],&#8221;content&#8221;:&#8221;u003Cdiv class=u0022medizin-map-overlay medizin-map-overlay- elementor-repeater-item-2b68140u0022u003Eu003Cdiv class=u0022gmap-info-wrapper style-signalu0022u003Eu003Cdiv class=u0022animated-dotu0022u003Eu003Cdiv class=u0022middle-dotu0022u003Eu003C\/divu003Eu003Cdiv class=u0022signal signal-1u0022u003Eu003C\/divu003Eu003Cdiv class=u0022signal signal-2u0022u003Eu003C\/divu003Eu003C\/divu003Eu003C\/divu003Eu003C\/divu003E&#8221;}]} Escr\u00edbenos tus dudas o comentarios, los contestaremos en menos de 24 hrs.<\/p>","protected":false},"author":1,"featured_media":0,"parent":0,"menu_order":0,"comment_status":"closed","ping_status":"closed","template":"","meta":[],"_links":{"self":[{"href":"https:\/\/ultrasafemedical.com\/en\/wp-json\/wp\/v2\/pages\/254"}],"collection":[{"href":"https:\/\/ultrasafemedical.com\/en\/wp-json\/wp\/v2\/pages"}],"about":[{"href":"https:\/\/ultrasafemedical.com\/en\/wp-json\/wp\/v2\/types\/page"}],"author":[{"embeddable":true,"href":"https:\/\/ultrasafemedical.com\/en\/wp-json\/wp\/v2\/users\/1"}],"replies":[{"embeddable":true,"href":"https:\/\/ultrasafemedical.com\/en\/wp-json\/wp\/v2\/comments?post=254"}],"version-history":[{"count":0,"href":"https:\/\/ultrasafemedical.com\/en\/wp-json\/wp\/v2\/pages\/254\/revisions"}],"wp:attachment":[{"href":"https:\/\/ultrasafemedical.com\/en\/wp-json\/wp\/v2\/media?parent=254"}],"curies":[{"name":"wp","href":"https:\/\/api.w.org\/{rel}","templated":true}]}}